{"id":985,"date":"2023-08-29T22:34:59","date_gmt":"2023-08-29T19:34:59","guid":{"rendered":"https:\/\/uus.kosmetoloog.ee\/product\/mask-hydra-fill-hf5\/"},"modified":"2023-11-10T13:10:38","modified_gmt":"2023-11-10T11:10:38","slug":"mask-hydra-fill-hf5-hydra-fill-mask-hf5","status":"publish","type":"product","link":"https:\/\/old.kosmetoloog.ee\/et\/toode\/mask-hydra-fill-hf5-hydra-fill-mask-hf5\/","title":{"rendered":"MASK HYDRA-FILL (HF5)"},"content":{"rendered":"<p>Hydra-Fill mask niisutab, pinguldab ja muudab naha heledamaks, \u00fchtlustab jumet ja annab terve s\u00e4ra. Suure h\u00fcaluroonhappeannusega koheselt niisutatud nahk tundub p\u00e4rast seda tunde ja isegi p\u00e4evi pringim ja s\u00e4ravam. E-vitamiin on antioks\u00fcdant ja kaitseb nahka ultraviolettkiirgusega seotud muutuste eest. E-vitamiin on antioks\u00fcdant ja kaitseb nahka ultraviolettkiirgusega kaasnevate muutuste eest. Traneksaamhappe kasutamine v\u00e4hendab pigmentatsiooni ja nahakahjustusi, mis on p\u00f5hjustatud UV-kiirgusest, retinooli liigtarbimisest ja keskkonnasaastest. Looduslikest vetikatest valmistatud karrageen lisab nahale s\u00e4ra, luues nahale n\u00e4htamatu kaitsekihi. Skinasensyl, uuenduslik rahustav peptiid, hoiab \u00e4ra \u00e4rrituse ja tugevdab loomulikku immuunsust.<\/p>\n<p>Mask on valmistatud looduslikust bambuskiust ja sisaldab umbes 30 ml aktiivgeeli, nagu k\u00f5ik Mederi lehtmaskid.<\/p>\n<p>Parimate tulemuste saavutamiseks kombineerige Hydra-Fill kontsentraadi ja teie nahat\u00fc\u00fcbile sobiva niisutuskreemiga.<\/p>\n","protected":false},"excerpt":{"rendered":"<p>Hydra-Fill niisutav n\u00e4omask h\u00fcaluroonhappega taastab koheselt kuiva naha, k\u00f5rvaldades v\u00e4simuse ja kuivuse m\u00e4rgid, andes n\u00e4ole uuenenud jume.<\/p>\n","protected":false},"featured_media":446,"comment_status":"open","ping_status":"closed","template":"","meta":{"_acf_changed":false},"pwb-brand":[21],"product_brand":[],"product_cat":[59],"product_tag":[112],"class_list":{"0":"post-985","1":"product","2":"type-product","3":"status-publish","4":"has-post-thumbnail","6":"pwb-brand-meder-beauty-science","7":"product_cat-maskid","8":"product_tag-kuiv-nahk","10":"first","11":"instock","12":"taxable","13":"shipping-taxable","14":"purchasable","15":"product-type-simple"},"acf":[],"yoast_head":"<!-- This site is optimized with the Yoast SEO plugin v25.7 - https:\/\/yoast.com\/wordpress\/plugins\/seo\/ -->\n<title>MASK HYDRA-FILL (HF5) - Ilutoodete e-pood<\/title>\n<meta name=\"robots\" content=\"noindex, follow, max-snippet:-1, max-image-preview:large, max-video-preview:-1\" \/>\n<meta property=\"og:locale\" content=\"et_EE\" \/>\n<meta property=\"og:type\" content=\"article\" \/>\n<meta property=\"og:title\" content=\"MASK HYDRA-FILL (HF5) - Ilutoodete e-pood\" \/>\n<meta property=\"og:description\" content=\"Hydra-Fill niisutav n\u00e4omask h\u00fcaluroonhappega taastab koheselt kuiva naha, k\u00f5rvaldades v\u00e4simuse ja kuivuse m\u00e4rgid, andes n\u00e4ole uuenenud jume.\" \/>\n<meta property=\"og:url\" content=\"https:\/\/old.kosmetoloog.ee\/toode\/hf5-hydra-fill-mask-hf5\/\" \/>\n<meta property=\"og:site_name\" content=\"Ilutoodete e-pood\" \/>\n<meta property=\"article:modified_time\" content=\"2023-11-10T11:10:38+00:00\" \/>\n<meta property=\"og:image\" content=\"https:\/\/old.kosmetoloog.ee\/wp-content\/uploads\/2023\/08\/HF.webp\" \/>\n\t<meta property=\"og:image:width\" content=\"720\" \/>\n\t<meta property=\"og:image:height\" content=\"720\" \/>\n\t<meta property=\"og:image:type\" content=\"image\/webp\" \/>\n<meta name=\"twitter:card\" content=\"summary_large_image\" \/>\n<meta name=\"twitter:label1\" content=\"Est. reading time\" \/>\n\t<meta name=\"twitter:data1\" content=\"1 minut\" \/>\n<script type=\"application\/ld+json\" class=\"yoast-schema-graph\">{\"@context\":\"https:\/\/schema.org\",\"@graph\":[{\"@type\":\"WebPage\",\"@id\":\"https:\/\/old.kosmetoloog.ee\/toode\/hf5-hydra-fill-mask-hf5\/\",\"url\":\"https:\/\/old.kosmetoloog.ee\/toode\/hf5-hydra-fill-mask-hf5\/\",\"name\":\"MASK HYDRA-FILL (HF5) - Ilutoodete e-pood\",\"isPartOf\":{\"@id\":\"https:\/\/old.kosmetoloog.ee\/#website\"},\"primaryImageOfPage\":{\"@id\":\"https:\/\/old.kosmetoloog.ee\/toode\/hf5-hydra-fill-mask-hf5\/#primaryimage\"},\"image\":{\"@id\":\"https:\/\/old.kosmetoloog.ee\/toode\/hf5-hydra-fill-mask-hf5\/#primaryimage\"},\"thumbnailUrl\":\"https:\/\/old.kosmetoloog.ee\/wp-content\/uploads\/2023\/08\/HF.webp\",\"datePublished\":\"2023-08-29T19:34:59+00:00\",\"dateModified\":\"2023-11-10T11:10:38+00:00\",\"breadcrumb\":{\"@id\":\"https:\/\/old.kosmetoloog.ee\/toode\/hf5-hydra-fill-mask-hf5\/#breadcrumb\"},\"inLanguage\":\"et\",\"potentialAction\":[{\"@type\":\"ReadAction\",\"target\":[\"https:\/\/old.kosmetoloog.ee\/toode\/hf5-hydra-fill-mask-hf5\/\"]}]},{\"@type\":\"ImageObject\",\"inLanguage\":\"et\",\"@id\":\"https:\/\/old.kosmetoloog.ee\/toode\/hf5-hydra-fill-mask-hf5\/#primaryimage\",\"url\":\"https:\/\/old.kosmetoloog.ee\/wp-content\/uploads\/2023\/08\/HF.webp\",\"contentUrl\":\"https:\/\/old.kosmetoloog.ee\/wp-content\/uploads\/2023\/08\/HF.webp\",\"width\":720,\"height\":720},{\"@type\":\"BreadcrumbList\",\"@id\":\"https:\/\/old.kosmetoloog.ee\/toode\/hf5-hydra-fill-mask-hf5\/#breadcrumb\",\"itemListElement\":[{\"@type\":\"ListItem\",\"position\":1,\"name\":\"Home\",\"item\":\"https:\/\/old.kosmetoloog.ee\/et\/\"},{\"@type\":\"ListItem\",\"position\":2,\"name\":\"Pood\",\"item\":\"https:\/\/old.kosmetoloog.ee\/et\/pood\/\"},{\"@type\":\"ListItem\",\"position\":3,\"name\":\"MASK HYDRA-FILL (HF5)\"}]},{\"@type\":\"WebSite\",\"@id\":\"https:\/\/old.kosmetoloog.ee\/#website\",\"url\":\"https:\/\/old.kosmetoloog.ee\/\",\"name\":\"Ilutoodete e-pood\",\"description\":\"Kosmeetika pood\",\"publisher\":{\"@id\":\"https:\/\/old.kosmetoloog.ee\/#organization\"},\"potentialAction\":[{\"@type\":\"SearchAction\",\"target\":{\"@type\":\"EntryPoint\",\"urlTemplate\":\"https:\/\/old.kosmetoloog.ee\/?s={search_term_string}\"},\"query-input\":{\"@type\":\"PropertyValueSpecification\",\"valueRequired\":true,\"valueName\":\"search_term_string\"}}],\"inLanguage\":\"et\"},{\"@type\":\"Organization\",\"@id\":\"https:\/\/old.kosmetoloog.ee\/#organization\",\"name\":\"You are You O\u00dc\",\"url\":\"https:\/\/old.kosmetoloog.ee\/\",\"logo\":{\"@type\":\"ImageObject\",\"inLanguage\":\"et\",\"@id\":\"https:\/\/old.kosmetoloog.ee\/#\/schema\/logo\/image\/\",\"url\":\"https:\/\/old.kosmetoloog.ee\/wp-content\/uploads\/2023\/08\/logo-1.png\",\"contentUrl\":\"https:\/\/old.kosmetoloog.ee\/wp-content\/uploads\/2023\/08\/logo-1.png\",\"width\":1200,\"height\":964,\"caption\":\"You are You O\u00dc\"},\"image\":{\"@id\":\"https:\/\/old.kosmetoloog.ee\/#\/schema\/logo\/image\/\"}}]}<\/script>\n<!-- \/ Yoast SEO plugin. -->","yoast_head_json":{"title":"MASK HYDRA-FILL (HF5) - Ilutoodete e-pood","robots":{"index":"noindex","follow":"follow","max-snippet":"max-snippet:-1","max-image-preview":"max-image-preview:large","max-video-preview":"max-video-preview:-1"},"og_locale":"et_EE","og_type":"article","og_title":"MASK HYDRA-FILL (HF5) - Ilutoodete e-pood","og_description":"Hydra-Fill niisutav n\u00e4omask h\u00fcaluroonhappega taastab koheselt kuiva naha, k\u00f5rvaldades v\u00e4simuse ja kuivuse m\u00e4rgid, andes n\u00e4ole uuenenud jume.","og_url":"https:\/\/old.kosmetoloog.ee\/toode\/hf5-hydra-fill-mask-hf5\/","og_site_name":"Ilutoodete e-pood","article_modified_time":"2023-11-10T11:10:38+00:00","og_image":[{"width":720,"height":720,"url":"https:\/\/old.kosmetoloog.ee\/wp-content\/uploads\/2023\/08\/HF.webp","type":"image\/webp"}],"twitter_card":"summary_large_image","twitter_misc":{"Est. reading time":"1 minut"},"schema":{"@context":"https:\/\/schema.org","@graph":[{"@type":"WebPage","@id":"https:\/\/old.kosmetoloog.ee\/toode\/hf5-hydra-fill-mask-hf5\/","url":"https:\/\/old.kosmetoloog.ee\/toode\/hf5-hydra-fill-mask-hf5\/","name":"MASK HYDRA-FILL (HF5) - Ilutoodete e-pood","isPartOf":{"@id":"https:\/\/old.kosmetoloog.ee\/#website"},"primaryImageOfPage":{"@id":"https:\/\/old.kosmetoloog.ee\/toode\/hf5-hydra-fill-mask-hf5\/#primaryimage"},"image":{"@id":"https:\/\/old.kosmetoloog.ee\/toode\/hf5-hydra-fill-mask-hf5\/#primaryimage"},"thumbnailUrl":"https:\/\/old.kosmetoloog.ee\/wp-content\/uploads\/2023\/08\/HF.webp","datePublished":"2023-08-29T19:34:59+00:00","dateModified":"2023-11-10T11:10:38+00:00","breadcrumb":{"@id":"https:\/\/old.kosmetoloog.ee\/toode\/hf5-hydra-fill-mask-hf5\/#breadcrumb"},"inLanguage":"et","potentialAction":[{"@type":"ReadAction","target":["https:\/\/old.kosmetoloog.ee\/toode\/hf5-hydra-fill-mask-hf5\/"]}]},{"@type":"ImageObject","inLanguage":"et","@id":"https:\/\/old.kosmetoloog.ee\/toode\/hf5-hydra-fill-mask-hf5\/#primaryimage","url":"https:\/\/old.kosmetoloog.ee\/wp-content\/uploads\/2023\/08\/HF.webp","contentUrl":"https:\/\/old.kosmetoloog.ee\/wp-content\/uploads\/2023\/08\/HF.webp","width":720,"height":720},{"@type":"BreadcrumbList","@id":"https:\/\/old.kosmetoloog.ee\/toode\/hf5-hydra-fill-mask-hf5\/#breadcrumb","itemListElement":[{"@type":"ListItem","position":1,"name":"Home","item":"https:\/\/old.kosmetoloog.ee\/et\/"},{"@type":"ListItem","position":2,"name":"Pood","item":"https:\/\/old.kosmetoloog.ee\/et\/pood\/"},{"@type":"ListItem","position":3,"name":"MASK HYDRA-FILL (HF5)"}]},{"@type":"WebSite","@id":"https:\/\/old.kosmetoloog.ee\/#website","url":"https:\/\/old.kosmetoloog.ee\/","name":"Ilutoodete e-pood","description":"Kosmeetika pood","publisher":{"@id":"https:\/\/old.kosmetoloog.ee\/#organization"},"potentialAction":[{"@type":"SearchAction","target":{"@type":"EntryPoint","urlTemplate":"https:\/\/old.kosmetoloog.ee\/?s={search_term_string}"},"query-input":{"@type":"PropertyValueSpecification","valueRequired":true,"valueName":"search_term_string"}}],"inLanguage":"et"},{"@type":"Organization","@id":"https:\/\/old.kosmetoloog.ee\/#organization","name":"You are You O\u00dc","url":"https:\/\/old.kosmetoloog.ee\/","logo":{"@type":"ImageObject","inLanguage":"et","@id":"https:\/\/old.kosmetoloog.ee\/#\/schema\/logo\/image\/","url":"https:\/\/old.kosmetoloog.ee\/wp-content\/uploads\/2023\/08\/logo-1.png","contentUrl":"https:\/\/old.kosmetoloog.ee\/wp-content\/uploads\/2023\/08\/logo-1.png","width":1200,"height":964,"caption":"You are You O\u00dc"},"image":{"@id":"https:\/\/old.kosmetoloog.ee\/#\/schema\/logo\/image\/"}}]}},"brands":[{"id":21,"name":"MEDER BEAUTY SCIENCE","slug":"meder-beauty-science"}],"_links":{"self":[{"href":"https:\/\/old.kosmetoloog.ee\/et\/wp-json\/wp\/v2\/product\/985","targetHints":{"allow":["GET"]}}],"collection":[{"href":"https:\/\/old.kosmetoloog.ee\/et\/wp-json\/wp\/v2\/product"}],"about":[{"href":"https:\/\/old.kosmetoloog.ee\/et\/wp-json\/wp\/v2\/types\/product"}],"replies":[{"embeddable":true,"href":"https:\/\/old.kosmetoloog.ee\/et\/wp-json\/wp\/v2\/comments?post=985"}],"wp:featuredmedia":[{"embeddable":true,"href":"https:\/\/old.kosmetoloog.ee\/et\/wp-json\/wp\/v2\/media\/446"}],"wp:attachment":[{"href":"https:\/\/old.kosmetoloog.ee\/et\/wp-json\/wp\/v2\/media?parent=985"}],"wp:term":[{"taxonomy":"pwb-brand","embeddable":true,"href":"https:\/\/old.kosmetoloog.ee\/et\/wp-json\/wp\/v2\/pwb-brand?post=985"},{"taxonomy":"product_brand","embeddable":true,"href":"https:\/\/old.kosmetoloog.ee\/et\/wp-json\/wp\/v2\/product_brand?post=985"},{"taxonomy":"product_cat","embeddable":true,"href":"https:\/\/old.kosmetoloog.ee\/et\/wp-json\/wp\/v2\/product_cat?post=985"},{"taxonomy":"product_tag","embeddable":true,"href":"https:\/\/old.kosmetoloog.ee\/et\/wp-json\/wp\/v2\/product_tag?post=985"}],"curies":[{"name":"wp","href":"https:\/\/api.w.org\/{rel}","templated":true}]}}