{"id":990,"date":"2023-08-29T20:47:33","date_gmt":"2023-08-29T17:47:33","guid":{"rendered":"https:\/\/uus.kosmetoloog.ee\/product\/mask-eu-seb-es5\/"},"modified":"2023-10-19T16:14:32","modified_gmt":"2023-10-19T13:14:32","slug":"eu-seb-mask-es5","status":"publish","type":"product","link":"https:\/\/old.kosmetoloog.ee\/et\/toode\/eu-seb-mask-es5\/","title":{"rendered":"MASK EU-SEB (ES5)"},"content":{"rendered":"<p>Eu-Seb mask rasusele ja probleemsele nahale v\u00e4hendab liigset rasu tootmist, eemaldab kiiresti l\u00e4ike ja aitab aknet kontrolli all hoida. V\u00e4hendab aknet p\u00f5hjustavate bakterite aktiivsust ja taastab terve, tasakaalustatud naha mikrobioomi. Reguleeritakse rasu tootmist, p\u00f5letikud kaovad, v\u00e4heneb akne, jume muutub siledaks ja \u00fchtlaseks. Kummeli ekstrakt leevendab p\u00f5letikku ja soodustab naha paranemist. Aaloe ekstrakt niisutab ja leevendab koheselt tundlikkust ja ebamugavustunnet, mis sageli esineb aknele kalduval nahal. Aaloe kaitseb nahka fotovananemise ja kahjulike bakterite eest. Rohelise tee ekstrakt tugevdab antioks\u00fcdantset kaitset ja stimuleerib mikrotsirkulatsiooni. H\u00fcaluroonhape niisutab ja tugevdab nahka. Skinasensyl rahustav peptiid taastab terve naha immuunsuse.<\/p>\n","protected":false},"excerpt":{"rendered":"<p>Eu-Seb mask on asendamatu probleemsele ja rasusele nahale. Maski aktiivne geel p\u00e4rsib kahjulike bakterite tegevust ja taastab tasakaalustatud naha mikrobioomi. Mask rahustab nahka, v\u00e4hendab p\u00f5letikku, reguleerib rasueritust, \u00fchtlustab nahatooni ja muudab selle s\u00e4ravaks.<\/p>\n","protected":false},"featured_media":466,"comment_status":"open","ping_status":"closed","template":"","meta":{"_acf_changed":false},"pwb-brand":[21],"product_brand":[],"product_cat":[59],"product_tag":[115,106,104],"class_list":{"0":"post-990","1":"product","2":"type-product","3":"status-publish","4":"has-post-thumbnail","6":"pwb-brand-meder-beauty-science","7":"product_cat-maskid","8":"product_tag-probleemne-nahk","9":"product_tag-rasune-nahk","10":"product_tag-cne","12":"first","13":"instock","14":"taxable","15":"shipping-taxable","16":"purchasable","17":"product-type-simple"},"acf":[],"yoast_head":"<!-- This site is optimized with the Yoast SEO plugin v25.7 - https:\/\/yoast.com\/wordpress\/plugins\/seo\/ -->\n<title>MASK EU-SEB (ES5) - Ilutoodete e-pood<\/title>\n<meta name=\"robots\" content=\"noindex, follow, max-snippet:-1, max-image-preview:large, max-video-preview:-1\" \/>\n<meta property=\"og:locale\" content=\"et_EE\" \/>\n<meta property=\"og:type\" content=\"article\" \/>\n<meta property=\"og:title\" content=\"MASK EU-SEB (ES5) - Ilutoodete e-pood\" \/>\n<meta property=\"og:description\" content=\"Eu-Seb mask on asendamatu probleemsele ja rasusele nahale. Maski aktiivne geel p\u00e4rsib kahjulike bakterite tegevust ja taastab tasakaalustatud naha mikrobioomi. Mask rahustab nahka, v\u00e4hendab p\u00f5letikku, reguleerib rasueritust, \u00fchtlustab nahatooni ja muudab selle s\u00e4ravaks.\" \/>\n<meta property=\"og:url\" content=\"https:\/\/old.kosmetoloog.ee\/toode\/eu-seb-mask-es5\/\" \/>\n<meta property=\"og:site_name\" content=\"Ilutoodete e-pood\" \/>\n<meta property=\"article:modified_time\" content=\"2023-10-19T13:14:32+00:00\" \/>\n<meta property=\"og:image\" content=\"https:\/\/old.kosmetoloog.ee\/wp-content\/uploads\/2023\/08\/ES.webp\" \/>\n\t<meta property=\"og:image:width\" content=\"720\" \/>\n\t<meta property=\"og:image:height\" content=\"720\" \/>\n\t<meta property=\"og:image:type\" content=\"image\/webp\" \/>\n<meta name=\"twitter:card\" content=\"summary_large_image\" \/>\n<meta name=\"twitter:label1\" content=\"Est. reading time\" \/>\n\t<meta name=\"twitter:data1\" content=\"1 minut\" \/>\n<script type=\"application\/ld+json\" class=\"yoast-schema-graph\">{\"@context\":\"https:\/\/schema.org\",\"@graph\":[{\"@type\":\"WebPage\",\"@id\":\"https:\/\/old.kosmetoloog.ee\/toode\/eu-seb-mask-es5\/\",\"url\":\"https:\/\/old.kosmetoloog.ee\/toode\/eu-seb-mask-es5\/\",\"name\":\"MASK EU-SEB (ES5) - Ilutoodete e-pood\",\"isPartOf\":{\"@id\":\"https:\/\/old.kosmetoloog.ee\/#website\"},\"primaryImageOfPage\":{\"@id\":\"https:\/\/old.kosmetoloog.ee\/toode\/eu-seb-mask-es5\/#primaryimage\"},\"image\":{\"@id\":\"https:\/\/old.kosmetoloog.ee\/toode\/eu-seb-mask-es5\/#primaryimage\"},\"thumbnailUrl\":\"https:\/\/old.kosmetoloog.ee\/wp-content\/uploads\/2023\/08\/ES.webp\",\"datePublished\":\"2023-08-29T17:47:33+00:00\",\"dateModified\":\"2023-10-19T13:14:32+00:00\",\"breadcrumb\":{\"@id\":\"https:\/\/old.kosmetoloog.ee\/toode\/eu-seb-mask-es5\/#breadcrumb\"},\"inLanguage\":\"et\",\"potentialAction\":[{\"@type\":\"ReadAction\",\"target\":[\"https:\/\/old.kosmetoloog.ee\/toode\/eu-seb-mask-es5\/\"]}]},{\"@type\":\"ImageObject\",\"inLanguage\":\"et\",\"@id\":\"https:\/\/old.kosmetoloog.ee\/toode\/eu-seb-mask-es5\/#primaryimage\",\"url\":\"https:\/\/old.kosmetoloog.ee\/wp-content\/uploads\/2023\/08\/ES.webp\",\"contentUrl\":\"https:\/\/old.kosmetoloog.ee\/wp-content\/uploads\/2023\/08\/ES.webp\",\"width\":720,\"height\":720},{\"@type\":\"BreadcrumbList\",\"@id\":\"https:\/\/old.kosmetoloog.ee\/toode\/eu-seb-mask-es5\/#breadcrumb\",\"itemListElement\":[{\"@type\":\"ListItem\",\"position\":1,\"name\":\"Home\",\"item\":\"https:\/\/old.kosmetoloog.ee\/et\/\"},{\"@type\":\"ListItem\",\"position\":2,\"name\":\"Pood\",\"item\":\"https:\/\/old.kosmetoloog.ee\/et\/pood\/\"},{\"@type\":\"ListItem\",\"position\":3,\"name\":\"MASK EU-SEB (ES5)\"}]},{\"@type\":\"WebSite\",\"@id\":\"https:\/\/old.kosmetoloog.ee\/#website\",\"url\":\"https:\/\/old.kosmetoloog.ee\/\",\"name\":\"Ilutoodete e-pood\",\"description\":\"Kosmeetika pood\",\"publisher\":{\"@id\":\"https:\/\/old.kosmetoloog.ee\/#organization\"},\"potentialAction\":[{\"@type\":\"SearchAction\",\"target\":{\"@type\":\"EntryPoint\",\"urlTemplate\":\"https:\/\/old.kosmetoloog.ee\/?s={search_term_string}\"},\"query-input\":{\"@type\":\"PropertyValueSpecification\",\"valueRequired\":true,\"valueName\":\"search_term_string\"}}],\"inLanguage\":\"et\"},{\"@type\":\"Organization\",\"@id\":\"https:\/\/old.kosmetoloog.ee\/#organization\",\"name\":\"You are You O\u00dc\",\"url\":\"https:\/\/old.kosmetoloog.ee\/\",\"logo\":{\"@type\":\"ImageObject\",\"inLanguage\":\"et\",\"@id\":\"https:\/\/old.kosmetoloog.ee\/#\/schema\/logo\/image\/\",\"url\":\"https:\/\/old.kosmetoloog.ee\/wp-content\/uploads\/2023\/08\/logo-1.png\",\"contentUrl\":\"https:\/\/old.kosmetoloog.ee\/wp-content\/uploads\/2023\/08\/logo-1.png\",\"width\":1200,\"height\":964,\"caption\":\"You are You O\u00dc\"},\"image\":{\"@id\":\"https:\/\/old.kosmetoloog.ee\/#\/schema\/logo\/image\/\"}}]}<\/script>\n<!-- \/ Yoast SEO plugin. -->","yoast_head_json":{"title":"MASK EU-SEB (ES5) - Ilutoodete e-pood","robots":{"index":"noindex","follow":"follow","max-snippet":"max-snippet:-1","max-image-preview":"max-image-preview:large","max-video-preview":"max-video-preview:-1"},"og_locale":"et_EE","og_type":"article","og_title":"MASK EU-SEB (ES5) - Ilutoodete e-pood","og_description":"Eu-Seb mask on asendamatu probleemsele ja rasusele nahale. Maski aktiivne geel p\u00e4rsib kahjulike bakterite tegevust ja taastab tasakaalustatud naha mikrobioomi. Mask rahustab nahka, v\u00e4hendab p\u00f5letikku, reguleerib rasueritust, \u00fchtlustab nahatooni ja muudab selle s\u00e4ravaks.","og_url":"https:\/\/old.kosmetoloog.ee\/toode\/eu-seb-mask-es5\/","og_site_name":"Ilutoodete e-pood","article_modified_time":"2023-10-19T13:14:32+00:00","og_image":[{"width":720,"height":720,"url":"https:\/\/old.kosmetoloog.ee\/wp-content\/uploads\/2023\/08\/ES.webp","type":"image\/webp"}],"twitter_card":"summary_large_image","twitter_misc":{"Est. reading time":"1 minut"},"schema":{"@context":"https:\/\/schema.org","@graph":[{"@type":"WebPage","@id":"https:\/\/old.kosmetoloog.ee\/toode\/eu-seb-mask-es5\/","url":"https:\/\/old.kosmetoloog.ee\/toode\/eu-seb-mask-es5\/","name":"MASK EU-SEB (ES5) - Ilutoodete e-pood","isPartOf":{"@id":"https:\/\/old.kosmetoloog.ee\/#website"},"primaryImageOfPage":{"@id":"https:\/\/old.kosmetoloog.ee\/toode\/eu-seb-mask-es5\/#primaryimage"},"image":{"@id":"https:\/\/old.kosmetoloog.ee\/toode\/eu-seb-mask-es5\/#primaryimage"},"thumbnailUrl":"https:\/\/old.kosmetoloog.ee\/wp-content\/uploads\/2023\/08\/ES.webp","datePublished":"2023-08-29T17:47:33+00:00","dateModified":"2023-10-19T13:14:32+00:00","breadcrumb":{"@id":"https:\/\/old.kosmetoloog.ee\/toode\/eu-seb-mask-es5\/#breadcrumb"},"inLanguage":"et","potentialAction":[{"@type":"ReadAction","target":["https:\/\/old.kosmetoloog.ee\/toode\/eu-seb-mask-es5\/"]}]},{"@type":"ImageObject","inLanguage":"et","@id":"https:\/\/old.kosmetoloog.ee\/toode\/eu-seb-mask-es5\/#primaryimage","url":"https:\/\/old.kosmetoloog.ee\/wp-content\/uploads\/2023\/08\/ES.webp","contentUrl":"https:\/\/old.kosmetoloog.ee\/wp-content\/uploads\/2023\/08\/ES.webp","width":720,"height":720},{"@type":"BreadcrumbList","@id":"https:\/\/old.kosmetoloog.ee\/toode\/eu-seb-mask-es5\/#breadcrumb","itemListElement":[{"@type":"ListItem","position":1,"name":"Home","item":"https:\/\/old.kosmetoloog.ee\/et\/"},{"@type":"ListItem","position":2,"name":"Pood","item":"https:\/\/old.kosmetoloog.ee\/et\/pood\/"},{"@type":"ListItem","position":3,"name":"MASK EU-SEB (ES5)"}]},{"@type":"WebSite","@id":"https:\/\/old.kosmetoloog.ee\/#website","url":"https:\/\/old.kosmetoloog.ee\/","name":"Ilutoodete e-pood","description":"Kosmeetika pood","publisher":{"@id":"https:\/\/old.kosmetoloog.ee\/#organization"},"potentialAction":[{"@type":"SearchAction","target":{"@type":"EntryPoint","urlTemplate":"https:\/\/old.kosmetoloog.ee\/?s={search_term_string}"},"query-input":{"@type":"PropertyValueSpecification","valueRequired":true,"valueName":"search_term_string"}}],"inLanguage":"et"},{"@type":"Organization","@id":"https:\/\/old.kosmetoloog.ee\/#organization","name":"You are You O\u00dc","url":"https:\/\/old.kosmetoloog.ee\/","logo":{"@type":"ImageObject","inLanguage":"et","@id":"https:\/\/old.kosmetoloog.ee\/#\/schema\/logo\/image\/","url":"https:\/\/old.kosmetoloog.ee\/wp-content\/uploads\/2023\/08\/logo-1.png","contentUrl":"https:\/\/old.kosmetoloog.ee\/wp-content\/uploads\/2023\/08\/logo-1.png","width":1200,"height":964,"caption":"You are You O\u00dc"},"image":{"@id":"https:\/\/old.kosmetoloog.ee\/#\/schema\/logo\/image\/"}}]}},"brands":[{"id":21,"name":"MEDER BEAUTY SCIENCE","slug":"meder-beauty-science"}],"_links":{"self":[{"href":"https:\/\/old.kosmetoloog.ee\/et\/wp-json\/wp\/v2\/product\/990","targetHints":{"allow":["GET"]}}],"collection":[{"href":"https:\/\/old.kosmetoloog.ee\/et\/wp-json\/wp\/v2\/product"}],"about":[{"href":"https:\/\/old.kosmetoloog.ee\/et\/wp-json\/wp\/v2\/types\/product"}],"replies":[{"embeddable":true,"href":"https:\/\/old.kosmetoloog.ee\/et\/wp-json\/wp\/v2\/comments?post=990"}],"wp:featuredmedia":[{"embeddable":true,"href":"https:\/\/old.kosmetoloog.ee\/et\/wp-json\/wp\/v2\/media\/466"}],"wp:attachment":[{"href":"https:\/\/old.kosmetoloog.ee\/et\/wp-json\/wp\/v2\/media?parent=990"}],"wp:term":[{"taxonomy":"pwb-brand","embeddable":true,"href":"https:\/\/old.kosmetoloog.ee\/et\/wp-json\/wp\/v2\/pwb-brand?post=990"},{"taxonomy":"product_brand","embeddable":true,"href":"https:\/\/old.kosmetoloog.ee\/et\/wp-json\/wp\/v2\/product_brand?post=990"},{"taxonomy":"product_cat","embeddable":true,"href":"https:\/\/old.kosmetoloog.ee\/et\/wp-json\/wp\/v2\/product_cat?post=990"},{"taxonomy":"product_tag","embeddable":true,"href":"https:\/\/old.kosmetoloog.ee\/et\/wp-json\/wp\/v2\/product_tag?post=990"}],"curies":[{"name":"wp","href":"https:\/\/api.w.org\/{rel}","templated":true}]}}