{"id":992,"date":"2023-09-01T20:35:08","date_gmt":"2023-09-01T17:35:08","guid":{"rendered":"https:\/\/uus.kosmetoloog.ee\/product\/aknevastane-komplekt-eu-seb-eu-seb-anti-acne-set-es4ed7\/"},"modified":"2023-10-19T16:12:50","modified_gmt":"2023-10-19T13:12:50","slug":"eu-seb-anti-acne-set-es4ed7","status":"publish","type":"product","link":"https:\/\/old.kosmetoloog.ee\/et\/toode\/eu-seb-anti-acne-set-es4ed7\/","title":{"rendered":"AKNEVASTANE KOMPLEKT EU-SEB\/ EU-SEB ANTI-ACNE SET (ES4+ED7)"},"content":{"rendered":"<p>Nagu iga akneravi puhul, tuleb prebiootilist nahahooldust kasutada regulaarselt ja j\u00e4rjepidevalt. Eelistatav on j\u00e4rgida kosmeetiku v\u00f5i dermatoloogi poolt m\u00e4\u00e4ratud rutiini.<\/p>\n<p>Et normaliseerida naha mikrobiomi, kontrollida rasu tootmist ja s\u00e4ilitada naha mikrofloora tervislikku tasakaalu kasutab Meder akne raviks prebiootikume. Regulaarsel kasutamisel v\u00f5ib Eu-Seb aidata isegi kroonilise ja p\u00fcsiva t\u00e4iskasvanute akne korral, kui traditsioonilised akneravid on eba\u00f5nnestunud. Eu-Seb prebiootiline kontsentraat tasakaalustab naha mikrobioomi ja toetab tervet hulka kasulikke baktereid. Koorige japuhastage poorid v\u00e4ga \u00f5rnalt, kuid t\u00f5husalt Enzy-Peel Maskis sisalduva probiootilise ens\u00fc\u00fcmiga. Kontrollige rasu tootmist ja rahustage nahka Eu-Seb maskiga.<\/p>\n<p>&nbsp;<\/p>\n","protected":false},"excerpt":{"rendered":"<p>Kodune nahahooldus prebiootikumiga akne raviks.<\/p>\n<p>V\u00e4ga t\u00f5hus Eu-Seb Anti-acne komplekt sobib teismeliste akne, aga ka hormonaalse ja kroonilise akne korral t\u00e4iskasvanutel.<\/p>\n","protected":false},"featured_media":480,"comment_status":"open","ping_status":"closed","template":"","meta":{"_acf_changed":false},"pwb-brand":[21],"product_brand":[],"product_cat":[76],"product_tag":[115,104],"class_list":{"0":"post-992","1":"product","2":"type-product","3":"status-publish","4":"has-post-thumbnail","6":"pwb-brand-meder-beauty-science","7":"product_cat-hoolduskomplektid","8":"product_tag-probleemne-nahk","9":"product_tag-cne","11":"first","12":"outofstock","13":"taxable","14":"shipping-taxable","15":"purchasable","16":"product-type-simple"},"acf":[],"yoast_head":"<!-- This site is optimized with the Yoast SEO plugin v25.7 - https:\/\/yoast.com\/wordpress\/plugins\/seo\/ -->\n<title>AKNEVASTANE KOMPLEKT EU-SEB\/ EU-SEB ANTI-ACNE SET (ES4+ED7) - Ilutoodete e-pood<\/title>\n<meta name=\"robots\" content=\"noindex, follow, max-snippet:-1, max-image-preview:large, max-video-preview:-1\" \/>\n<meta property=\"og:locale\" content=\"et_EE\" \/>\n<meta property=\"og:type\" content=\"article\" \/>\n<meta property=\"og:title\" content=\"AKNEVASTANE KOMPLEKT EU-SEB\/ EU-SEB ANTI-ACNE SET (ES4+ED7) - Ilutoodete e-pood\" \/>\n<meta property=\"og:description\" content=\"Kodune nahahooldus prebiootikumiga akne raviks. V\u00e4ga t\u00f5hus Eu-Seb Anti-acne komplekt sobib teismeliste akne, aga ka hormonaalse ja kroonilise akne korral t\u00e4iskasvanutel.\" \/>\n<meta property=\"og:url\" content=\"https:\/\/old.kosmetoloog.ee\/toode\/eu-seb-anti-acne-set-es4ed7\/\" \/>\n<meta property=\"og:site_name\" content=\"Ilutoodete e-pood\" \/>\n<meta property=\"article:modified_time\" content=\"2023-10-19T13:12:50+00:00\" \/>\n<meta property=\"og:image\" content=\"https:\/\/old.kosmetoloog.ee\/wp-content\/uploads\/2023\/09\/Eu-Seb-Anti-acne-Set.png\" \/>\n\t<meta property=\"og:image:width\" content=\"585\" \/>\n\t<meta property=\"og:image:height\" content=\"499\" \/>\n\t<meta property=\"og:image:type\" content=\"image\/png\" \/>\n<meta name=\"twitter:card\" content=\"summary_large_image\" \/>\n<meta name=\"twitter:label1\" content=\"Est. reading time\" \/>\n\t<meta name=\"twitter:data1\" content=\"1 minut\" \/>\n<script type=\"application\/ld+json\" class=\"yoast-schema-graph\">{\"@context\":\"https:\/\/schema.org\",\"@graph\":[{\"@type\":\"WebPage\",\"@id\":\"https:\/\/old.kosmetoloog.ee\/toode\/eu-seb-anti-acne-set-es4ed7\/\",\"url\":\"https:\/\/old.kosmetoloog.ee\/toode\/eu-seb-anti-acne-set-es4ed7\/\",\"name\":\"AKNEVASTANE KOMPLEKT EU-SEB\/ EU-SEB ANTI-ACNE SET (ES4+ED7) - Ilutoodete e-pood\",\"isPartOf\":{\"@id\":\"https:\/\/old.kosmetoloog.ee\/#website\"},\"primaryImageOfPage\":{\"@id\":\"https:\/\/old.kosmetoloog.ee\/toode\/eu-seb-anti-acne-set-es4ed7\/#primaryimage\"},\"image\":{\"@id\":\"https:\/\/old.kosmetoloog.ee\/toode\/eu-seb-anti-acne-set-es4ed7\/#primaryimage\"},\"thumbnailUrl\":\"https:\/\/old.kosmetoloog.ee\/wp-content\/uploads\/2023\/09\/Eu-Seb-Anti-acne-Set.png\",\"datePublished\":\"2023-09-01T17:35:08+00:00\",\"dateModified\":\"2023-10-19T13:12:50+00:00\",\"breadcrumb\":{\"@id\":\"https:\/\/old.kosmetoloog.ee\/toode\/eu-seb-anti-acne-set-es4ed7\/#breadcrumb\"},\"inLanguage\":\"et\",\"potentialAction\":[{\"@type\":\"ReadAction\",\"target\":[\"https:\/\/old.kosmetoloog.ee\/toode\/eu-seb-anti-acne-set-es4ed7\/\"]}]},{\"@type\":\"ImageObject\",\"inLanguage\":\"et\",\"@id\":\"https:\/\/old.kosmetoloog.ee\/toode\/eu-seb-anti-acne-set-es4ed7\/#primaryimage\",\"url\":\"https:\/\/old.kosmetoloog.ee\/wp-content\/uploads\/2023\/09\/Eu-Seb-Anti-acne-Set.png\",\"contentUrl\":\"https:\/\/old.kosmetoloog.ee\/wp-content\/uploads\/2023\/09\/Eu-Seb-Anti-acne-Set.png\",\"width\":585,\"height\":499},{\"@type\":\"BreadcrumbList\",\"@id\":\"https:\/\/old.kosmetoloog.ee\/toode\/eu-seb-anti-acne-set-es4ed7\/#breadcrumb\",\"itemListElement\":[{\"@type\":\"ListItem\",\"position\":1,\"name\":\"Home\",\"item\":\"https:\/\/old.kosmetoloog.ee\/et\/\"},{\"@type\":\"ListItem\",\"position\":2,\"name\":\"Pood\",\"item\":\"https:\/\/old.kosmetoloog.ee\/et\/pood\/\"},{\"@type\":\"ListItem\",\"position\":3,\"name\":\"AKNEVASTANE KOMPLEKT EU-SEB\/ EU-SEB ANTI-ACNE SET (ES4+ED7)\"}]},{\"@type\":\"WebSite\",\"@id\":\"https:\/\/old.kosmetoloog.ee\/#website\",\"url\":\"https:\/\/old.kosmetoloog.ee\/\",\"name\":\"Ilutoodete e-pood\",\"description\":\"Kosmeetika pood\",\"publisher\":{\"@id\":\"https:\/\/old.kosmetoloog.ee\/#organization\"},\"potentialAction\":[{\"@type\":\"SearchAction\",\"target\":{\"@type\":\"EntryPoint\",\"urlTemplate\":\"https:\/\/old.kosmetoloog.ee\/?s={search_term_string}\"},\"query-input\":{\"@type\":\"PropertyValueSpecification\",\"valueRequired\":true,\"valueName\":\"search_term_string\"}}],\"inLanguage\":\"et\"},{\"@type\":\"Organization\",\"@id\":\"https:\/\/old.kosmetoloog.ee\/#organization\",\"name\":\"You are You O\u00dc\",\"url\":\"https:\/\/old.kosmetoloog.ee\/\",\"logo\":{\"@type\":\"ImageObject\",\"inLanguage\":\"et\",\"@id\":\"https:\/\/old.kosmetoloog.ee\/#\/schema\/logo\/image\/\",\"url\":\"https:\/\/old.kosmetoloog.ee\/wp-content\/uploads\/2023\/08\/logo-1.png\",\"contentUrl\":\"https:\/\/old.kosmetoloog.ee\/wp-content\/uploads\/2023\/08\/logo-1.png\",\"width\":1200,\"height\":964,\"caption\":\"You are You O\u00dc\"},\"image\":{\"@id\":\"https:\/\/old.kosmetoloog.ee\/#\/schema\/logo\/image\/\"}}]}<\/script>\n<!-- \/ Yoast SEO plugin. -->","yoast_head_json":{"title":"AKNEVASTANE KOMPLEKT EU-SEB\/ EU-SEB ANTI-ACNE SET (ES4+ED7) - Ilutoodete e-pood","robots":{"index":"noindex","follow":"follow","max-snippet":"max-snippet:-1","max-image-preview":"max-image-preview:large","max-video-preview":"max-video-preview:-1"},"og_locale":"et_EE","og_type":"article","og_title":"AKNEVASTANE KOMPLEKT EU-SEB\/ EU-SEB ANTI-ACNE SET (ES4+ED7) - Ilutoodete e-pood","og_description":"Kodune nahahooldus prebiootikumiga akne raviks. V\u00e4ga t\u00f5hus Eu-Seb Anti-acne komplekt sobib teismeliste akne, aga ka hormonaalse ja kroonilise akne korral t\u00e4iskasvanutel.","og_url":"https:\/\/old.kosmetoloog.ee\/toode\/eu-seb-anti-acne-set-es4ed7\/","og_site_name":"Ilutoodete e-pood","article_modified_time":"2023-10-19T13:12:50+00:00","og_image":[{"width":585,"height":499,"url":"https:\/\/old.kosmetoloog.ee\/wp-content\/uploads\/2023\/09\/Eu-Seb-Anti-acne-Set.png","type":"image\/png"}],"twitter_card":"summary_large_image","twitter_misc":{"Est. reading time":"1 minut"},"schema":{"@context":"https:\/\/schema.org","@graph":[{"@type":"WebPage","@id":"https:\/\/old.kosmetoloog.ee\/toode\/eu-seb-anti-acne-set-es4ed7\/","url":"https:\/\/old.kosmetoloog.ee\/toode\/eu-seb-anti-acne-set-es4ed7\/","name":"AKNEVASTANE KOMPLEKT EU-SEB\/ EU-SEB ANTI-ACNE SET (ES4+ED7) - Ilutoodete e-pood","isPartOf":{"@id":"https:\/\/old.kosmetoloog.ee\/#website"},"primaryImageOfPage":{"@id":"https:\/\/old.kosmetoloog.ee\/toode\/eu-seb-anti-acne-set-es4ed7\/#primaryimage"},"image":{"@id":"https:\/\/old.kosmetoloog.ee\/toode\/eu-seb-anti-acne-set-es4ed7\/#primaryimage"},"thumbnailUrl":"https:\/\/old.kosmetoloog.ee\/wp-content\/uploads\/2023\/09\/Eu-Seb-Anti-acne-Set.png","datePublished":"2023-09-01T17:35:08+00:00","dateModified":"2023-10-19T13:12:50+00:00","breadcrumb":{"@id":"https:\/\/old.kosmetoloog.ee\/toode\/eu-seb-anti-acne-set-es4ed7\/#breadcrumb"},"inLanguage":"et","potentialAction":[{"@type":"ReadAction","target":["https:\/\/old.kosmetoloog.ee\/toode\/eu-seb-anti-acne-set-es4ed7\/"]}]},{"@type":"ImageObject","inLanguage":"et","@id":"https:\/\/old.kosmetoloog.ee\/toode\/eu-seb-anti-acne-set-es4ed7\/#primaryimage","url":"https:\/\/old.kosmetoloog.ee\/wp-content\/uploads\/2023\/09\/Eu-Seb-Anti-acne-Set.png","contentUrl":"https:\/\/old.kosmetoloog.ee\/wp-content\/uploads\/2023\/09\/Eu-Seb-Anti-acne-Set.png","width":585,"height":499},{"@type":"BreadcrumbList","@id":"https:\/\/old.kosmetoloog.ee\/toode\/eu-seb-anti-acne-set-es4ed7\/#breadcrumb","itemListElement":[{"@type":"ListItem","position":1,"name":"Home","item":"https:\/\/old.kosmetoloog.ee\/et\/"},{"@type":"ListItem","position":2,"name":"Pood","item":"https:\/\/old.kosmetoloog.ee\/et\/pood\/"},{"@type":"ListItem","position":3,"name":"AKNEVASTANE KOMPLEKT EU-SEB\/ EU-SEB ANTI-ACNE SET (ES4+ED7)"}]},{"@type":"WebSite","@id":"https:\/\/old.kosmetoloog.ee\/#website","url":"https:\/\/old.kosmetoloog.ee\/","name":"Ilutoodete e-pood","description":"Kosmeetika pood","publisher":{"@id":"https:\/\/old.kosmetoloog.ee\/#organization"},"potentialAction":[{"@type":"SearchAction","target":{"@type":"EntryPoint","urlTemplate":"https:\/\/old.kosmetoloog.ee\/?s={search_term_string}"},"query-input":{"@type":"PropertyValueSpecification","valueRequired":true,"valueName":"search_term_string"}}],"inLanguage":"et"},{"@type":"Organization","@id":"https:\/\/old.kosmetoloog.ee\/#organization","name":"You are You O\u00dc","url":"https:\/\/old.kosmetoloog.ee\/","logo":{"@type":"ImageObject","inLanguage":"et","@id":"https:\/\/old.kosmetoloog.ee\/#\/schema\/logo\/image\/","url":"https:\/\/old.kosmetoloog.ee\/wp-content\/uploads\/2023\/08\/logo-1.png","contentUrl":"https:\/\/old.kosmetoloog.ee\/wp-content\/uploads\/2023\/08\/logo-1.png","width":1200,"height":964,"caption":"You are You O\u00dc"},"image":{"@id":"https:\/\/old.kosmetoloog.ee\/#\/schema\/logo\/image\/"}}]}},"brands":[{"id":21,"name":"MEDER BEAUTY SCIENCE","slug":"meder-beauty-science"}],"_links":{"self":[{"href":"https:\/\/old.kosmetoloog.ee\/et\/wp-json\/wp\/v2\/product\/992","targetHints":{"allow":["GET"]}}],"collection":[{"href":"https:\/\/old.kosmetoloog.ee\/et\/wp-json\/wp\/v2\/product"}],"about":[{"href":"https:\/\/old.kosmetoloog.ee\/et\/wp-json\/wp\/v2\/types\/product"}],"replies":[{"embeddable":true,"href":"https:\/\/old.kosmetoloog.ee\/et\/wp-json\/wp\/v2\/comments?post=992"}],"wp:featuredmedia":[{"embeddable":true,"href":"https:\/\/old.kosmetoloog.ee\/et\/wp-json\/wp\/v2\/media\/480"}],"wp:attachment":[{"href":"https:\/\/old.kosmetoloog.ee\/et\/wp-json\/wp\/v2\/media?parent=992"}],"wp:term":[{"taxonomy":"pwb-brand","embeddable":true,"href":"https:\/\/old.kosmetoloog.ee\/et\/wp-json\/wp\/v2\/pwb-brand?post=992"},{"taxonomy":"product_brand","embeddable":true,"href":"https:\/\/old.kosmetoloog.ee\/et\/wp-json\/wp\/v2\/product_brand?post=992"},{"taxonomy":"product_cat","embeddable":true,"href":"https:\/\/old.kosmetoloog.ee\/et\/wp-json\/wp\/v2\/product_cat?post=992"},{"taxonomy":"product_tag","embeddable":true,"href":"https:\/\/old.kosmetoloog.ee\/et\/wp-json\/wp\/v2\/product_tag?post=992"}],"curies":[{"name":"wp","href":"https:\/\/api.w.org\/{rel}","templated":true}]}}