{"id":993,"date":"2023-09-01T20:56:35","date_gmt":"2023-09-01T17:56:35","guid":{"rendered":"https:\/\/uus.kosmetoloog.ee\/product\/naha-niisutamiskomplekt-hydra-fill-3d-hf4ez2\/"},"modified":"2023-10-19T16:11:37","modified_gmt":"2023-10-19T13:11:37","slug":"hydra-fill-3d-hf4ez2-hydra-fill-3d-hydration-sethf4ez2","status":"publish","type":"product","link":"https:\/\/old.kosmetoloog.ee\/et\/toode\/hydra-fill-3d-hf4ez2-hydra-fill-3d-hydration-sethf4ez2\/","title":{"rendered":"NAHA NIISUTAMISKOMPLEKT HYDRA-FILL 3D (HF4+EZ2)"},"content":{"rendered":"<p>Meder Hydra-Fill kontsentraadi ja maskiga muudetakse kuiv nahk oluliselt h\u00fcdreeritud. Suur annus h\u00fcaluroonhapet aitab taastada naha niiskustaset. Prebiootikumid ja probiootikumid taastavad mikrobioomi tervise ning aitavad hoida nahka h\u00fcdreeritud ja kaitstuna J\u00e4rjepideval ja regulaarsel kasutamisel muudab Hydra-Fill sari kuiva ja deh\u00fcdreeritud naha terveks, siledaks ja pingul, samuti helendab jumet, rahustab \u00e4rritust ja v\u00e4hendab esimesi kortse.<\/p>\n<p>Saadaval 2 versiooni: Enzy-Peel maskiga probiootiliste ens\u00fc\u00fcmidega koorimiseks v\u00f5i Salva-Derm kreemiga nahka kuivamise, keskkonnakahjustuste ja stressi eest kaitseks.<\/p>\n","protected":false},"excerpt":{"rendered":"<p>Kodune niisutav hooldus v\u00e4ga kuivale, deh\u00fcdreeritud nahale, stressi ja enneaegse vananemise tunnustega. Niisutab ja elustab nahka koheselt, muutes tuhmi jume heledamaks.<\/p>\n","protected":false},"featured_media":484,"comment_status":"open","ping_status":"closed","template":"","meta":{"_acf_changed":false},"pwb-brand":[21],"product_brand":[],"product_cat":[76],"product_tag":[112],"class_list":{"0":"post-993","1":"product","2":"type-product","3":"status-publish","4":"has-post-thumbnail","6":"pwb-brand-meder-beauty-science","7":"product_cat-hoolduskomplektid","8":"product_tag-kuiv-nahk","10":"first","11":"outofstock","12":"taxable","13":"shipping-taxable","14":"purchasable","15":"product-type-simple"},"acf":[],"yoast_head":"<!-- This site is optimized with the Yoast SEO plugin v25.7 - https:\/\/yoast.com\/wordpress\/plugins\/seo\/ -->\n<title>NAHA NIISUTAMISKOMPLEKT HYDRA-FILL 3D (HF4+EZ2) - Ilutoodete e-pood<\/title>\n<meta name=\"robots\" content=\"noindex, follow, max-snippet:-1, max-image-preview:large, max-video-preview:-1\" \/>\n<meta property=\"og:locale\" content=\"et_EE\" \/>\n<meta property=\"og:type\" content=\"article\" \/>\n<meta property=\"og:title\" content=\"NAHA NIISUTAMISKOMPLEKT HYDRA-FILL 3D (HF4+EZ2) - Ilutoodete e-pood\" \/>\n<meta property=\"og:description\" content=\"Kodune niisutav hooldus v\u00e4ga kuivale, deh\u00fcdreeritud nahale, stressi ja enneaegse vananemise tunnustega. Niisutab ja elustab nahka koheselt, muutes tuhmi jume heledamaks.\" \/>\n<meta property=\"og:url\" content=\"https:\/\/old.kosmetoloog.ee\/toode\/hydra-fill-3d-hf4ez2-hydra-fill-3d-hydration-sethf4ez2\/\" \/>\n<meta property=\"og:site_name\" content=\"Ilutoodete e-pood\" \/>\n<meta property=\"article:modified_time\" content=\"2023-10-19T13:11:37+00:00\" \/>\n<meta property=\"og:image\" content=\"https:\/\/old.kosmetoloog.ee\/wp-content\/uploads\/2023\/09\/Hydra-Fill-3D-Hydration-Set.png\" \/>\n\t<meta property=\"og:image:width\" content=\"519\" \/>\n\t<meta property=\"og:image:height\" content=\"496\" \/>\n\t<meta property=\"og:image:type\" content=\"image\/png\" \/>\n<meta name=\"twitter:card\" content=\"summary_large_image\" \/>\n<script type=\"application\/ld+json\" class=\"yoast-schema-graph\">{\"@context\":\"https:\/\/schema.org\",\"@graph\":[{\"@type\":\"WebPage\",\"@id\":\"https:\/\/old.kosmetoloog.ee\/toode\/hydra-fill-3d-hf4ez2-hydra-fill-3d-hydration-sethf4ez2\/\",\"url\":\"https:\/\/old.kosmetoloog.ee\/toode\/hydra-fill-3d-hf4ez2-hydra-fill-3d-hydration-sethf4ez2\/\",\"name\":\"NAHA NIISUTAMISKOMPLEKT HYDRA-FILL 3D (HF4+EZ2) - Ilutoodete e-pood\",\"isPartOf\":{\"@id\":\"https:\/\/old.kosmetoloog.ee\/#website\"},\"primaryImageOfPage\":{\"@id\":\"https:\/\/old.kosmetoloog.ee\/toode\/hydra-fill-3d-hf4ez2-hydra-fill-3d-hydration-sethf4ez2\/#primaryimage\"},\"image\":{\"@id\":\"https:\/\/old.kosmetoloog.ee\/toode\/hydra-fill-3d-hf4ez2-hydra-fill-3d-hydration-sethf4ez2\/#primaryimage\"},\"thumbnailUrl\":\"https:\/\/old.kosmetoloog.ee\/wp-content\/uploads\/2023\/09\/Hydra-Fill-3D-Hydration-Set.png\",\"datePublished\":\"2023-09-01T17:56:35+00:00\",\"dateModified\":\"2023-10-19T13:11:37+00:00\",\"breadcrumb\":{\"@id\":\"https:\/\/old.kosmetoloog.ee\/toode\/hydra-fill-3d-hf4ez2-hydra-fill-3d-hydration-sethf4ez2\/#breadcrumb\"},\"inLanguage\":\"et\",\"potentialAction\":[{\"@type\":\"ReadAction\",\"target\":[\"https:\/\/old.kosmetoloog.ee\/toode\/hydra-fill-3d-hf4ez2-hydra-fill-3d-hydration-sethf4ez2\/\"]}]},{\"@type\":\"ImageObject\",\"inLanguage\":\"et\",\"@id\":\"https:\/\/old.kosmetoloog.ee\/toode\/hydra-fill-3d-hf4ez2-hydra-fill-3d-hydration-sethf4ez2\/#primaryimage\",\"url\":\"https:\/\/old.kosmetoloog.ee\/wp-content\/uploads\/2023\/09\/Hydra-Fill-3D-Hydration-Set.png\",\"contentUrl\":\"https:\/\/old.kosmetoloog.ee\/wp-content\/uploads\/2023\/09\/Hydra-Fill-3D-Hydration-Set.png\",\"width\":519,\"height\":496},{\"@type\":\"BreadcrumbList\",\"@id\":\"https:\/\/old.kosmetoloog.ee\/toode\/hydra-fill-3d-hf4ez2-hydra-fill-3d-hydration-sethf4ez2\/#breadcrumb\",\"itemListElement\":[{\"@type\":\"ListItem\",\"position\":1,\"name\":\"Home\",\"item\":\"https:\/\/old.kosmetoloog.ee\/et\/\"},{\"@type\":\"ListItem\",\"position\":2,\"name\":\"Pood\",\"item\":\"https:\/\/old.kosmetoloog.ee\/et\/pood\/\"},{\"@type\":\"ListItem\",\"position\":3,\"name\":\"NAHA NIISUTAMISKOMPLEKT HYDRA-FILL 3D (HF4+EZ2)\"}]},{\"@type\":\"WebSite\",\"@id\":\"https:\/\/old.kosmetoloog.ee\/#website\",\"url\":\"https:\/\/old.kosmetoloog.ee\/\",\"name\":\"Ilutoodete e-pood\",\"description\":\"Kosmeetika pood\",\"publisher\":{\"@id\":\"https:\/\/old.kosmetoloog.ee\/#organization\"},\"potentialAction\":[{\"@type\":\"SearchAction\",\"target\":{\"@type\":\"EntryPoint\",\"urlTemplate\":\"https:\/\/old.kosmetoloog.ee\/?s={search_term_string}\"},\"query-input\":{\"@type\":\"PropertyValueSpecification\",\"valueRequired\":true,\"valueName\":\"search_term_string\"}}],\"inLanguage\":\"et\"},{\"@type\":\"Organization\",\"@id\":\"https:\/\/old.kosmetoloog.ee\/#organization\",\"name\":\"You are You O\u00dc\",\"url\":\"https:\/\/old.kosmetoloog.ee\/\",\"logo\":{\"@type\":\"ImageObject\",\"inLanguage\":\"et\",\"@id\":\"https:\/\/old.kosmetoloog.ee\/#\/schema\/logo\/image\/\",\"url\":\"https:\/\/old.kosmetoloog.ee\/wp-content\/uploads\/2023\/08\/logo-1.png\",\"contentUrl\":\"https:\/\/old.kosmetoloog.ee\/wp-content\/uploads\/2023\/08\/logo-1.png\",\"width\":1200,\"height\":964,\"caption\":\"You are You O\u00dc\"},\"image\":{\"@id\":\"https:\/\/old.kosmetoloog.ee\/#\/schema\/logo\/image\/\"}}]}<\/script>\n<!-- \/ Yoast SEO plugin. -->","yoast_head_json":{"title":"NAHA NIISUTAMISKOMPLEKT HYDRA-FILL 3D (HF4+EZ2) - Ilutoodete e-pood","robots":{"index":"noindex","follow":"follow","max-snippet":"max-snippet:-1","max-image-preview":"max-image-preview:large","max-video-preview":"max-video-preview:-1"},"og_locale":"et_EE","og_type":"article","og_title":"NAHA NIISUTAMISKOMPLEKT HYDRA-FILL 3D (HF4+EZ2) - Ilutoodete e-pood","og_description":"Kodune niisutav hooldus v\u00e4ga kuivale, deh\u00fcdreeritud nahale, stressi ja enneaegse vananemise tunnustega. Niisutab ja elustab nahka koheselt, muutes tuhmi jume heledamaks.","og_url":"https:\/\/old.kosmetoloog.ee\/toode\/hydra-fill-3d-hf4ez2-hydra-fill-3d-hydration-sethf4ez2\/","og_site_name":"Ilutoodete e-pood","article_modified_time":"2023-10-19T13:11:37+00:00","og_image":[{"width":519,"height":496,"url":"https:\/\/old.kosmetoloog.ee\/wp-content\/uploads\/2023\/09\/Hydra-Fill-3D-Hydration-Set.png","type":"image\/png"}],"twitter_card":"summary_large_image","schema":{"@context":"https:\/\/schema.org","@graph":[{"@type":"WebPage","@id":"https:\/\/old.kosmetoloog.ee\/toode\/hydra-fill-3d-hf4ez2-hydra-fill-3d-hydration-sethf4ez2\/","url":"https:\/\/old.kosmetoloog.ee\/toode\/hydra-fill-3d-hf4ez2-hydra-fill-3d-hydration-sethf4ez2\/","name":"NAHA NIISUTAMISKOMPLEKT HYDRA-FILL 3D (HF4+EZ2) - Ilutoodete e-pood","isPartOf":{"@id":"https:\/\/old.kosmetoloog.ee\/#website"},"primaryImageOfPage":{"@id":"https:\/\/old.kosmetoloog.ee\/toode\/hydra-fill-3d-hf4ez2-hydra-fill-3d-hydration-sethf4ez2\/#primaryimage"},"image":{"@id":"https:\/\/old.kosmetoloog.ee\/toode\/hydra-fill-3d-hf4ez2-hydra-fill-3d-hydration-sethf4ez2\/#primaryimage"},"thumbnailUrl":"https:\/\/old.kosmetoloog.ee\/wp-content\/uploads\/2023\/09\/Hydra-Fill-3D-Hydration-Set.png","datePublished":"2023-09-01T17:56:35+00:00","dateModified":"2023-10-19T13:11:37+00:00","breadcrumb":{"@id":"https:\/\/old.kosmetoloog.ee\/toode\/hydra-fill-3d-hf4ez2-hydra-fill-3d-hydration-sethf4ez2\/#breadcrumb"},"inLanguage":"et","potentialAction":[{"@type":"ReadAction","target":["https:\/\/old.kosmetoloog.ee\/toode\/hydra-fill-3d-hf4ez2-hydra-fill-3d-hydration-sethf4ez2\/"]}]},{"@type":"ImageObject","inLanguage":"et","@id":"https:\/\/old.kosmetoloog.ee\/toode\/hydra-fill-3d-hf4ez2-hydra-fill-3d-hydration-sethf4ez2\/#primaryimage","url":"https:\/\/old.kosmetoloog.ee\/wp-content\/uploads\/2023\/09\/Hydra-Fill-3D-Hydration-Set.png","contentUrl":"https:\/\/old.kosmetoloog.ee\/wp-content\/uploads\/2023\/09\/Hydra-Fill-3D-Hydration-Set.png","width":519,"height":496},{"@type":"BreadcrumbList","@id":"https:\/\/old.kosmetoloog.ee\/toode\/hydra-fill-3d-hf4ez2-hydra-fill-3d-hydration-sethf4ez2\/#breadcrumb","itemListElement":[{"@type":"ListItem","position":1,"name":"Home","item":"https:\/\/old.kosmetoloog.ee\/et\/"},{"@type":"ListItem","position":2,"name":"Pood","item":"https:\/\/old.kosmetoloog.ee\/et\/pood\/"},{"@type":"ListItem","position":3,"name":"NAHA NIISUTAMISKOMPLEKT HYDRA-FILL 3D (HF4+EZ2)"}]},{"@type":"WebSite","@id":"https:\/\/old.kosmetoloog.ee\/#website","url":"https:\/\/old.kosmetoloog.ee\/","name":"Ilutoodete e-pood","description":"Kosmeetika pood","publisher":{"@id":"https:\/\/old.kosmetoloog.ee\/#organization"},"potentialAction":[{"@type":"SearchAction","target":{"@type":"EntryPoint","urlTemplate":"https:\/\/old.kosmetoloog.ee\/?s={search_term_string}"},"query-input":{"@type":"PropertyValueSpecification","valueRequired":true,"valueName":"search_term_string"}}],"inLanguage":"et"},{"@type":"Organization","@id":"https:\/\/old.kosmetoloog.ee\/#organization","name":"You are You O\u00dc","url":"https:\/\/old.kosmetoloog.ee\/","logo":{"@type":"ImageObject","inLanguage":"et","@id":"https:\/\/old.kosmetoloog.ee\/#\/schema\/logo\/image\/","url":"https:\/\/old.kosmetoloog.ee\/wp-content\/uploads\/2023\/08\/logo-1.png","contentUrl":"https:\/\/old.kosmetoloog.ee\/wp-content\/uploads\/2023\/08\/logo-1.png","width":1200,"height":964,"caption":"You are You O\u00dc"},"image":{"@id":"https:\/\/old.kosmetoloog.ee\/#\/schema\/logo\/image\/"}}]}},"brands":[{"id":21,"name":"MEDER BEAUTY SCIENCE","slug":"meder-beauty-science"}],"_links":{"self":[{"href":"https:\/\/old.kosmetoloog.ee\/et\/wp-json\/wp\/v2\/product\/993","targetHints":{"allow":["GET"]}}],"collection":[{"href":"https:\/\/old.kosmetoloog.ee\/et\/wp-json\/wp\/v2\/product"}],"about":[{"href":"https:\/\/old.kosmetoloog.ee\/et\/wp-json\/wp\/v2\/types\/product"}],"replies":[{"embeddable":true,"href":"https:\/\/old.kosmetoloog.ee\/et\/wp-json\/wp\/v2\/comments?post=993"}],"wp:featuredmedia":[{"embeddable":true,"href":"https:\/\/old.kosmetoloog.ee\/et\/wp-json\/wp\/v2\/media\/484"}],"wp:attachment":[{"href":"https:\/\/old.kosmetoloog.ee\/et\/wp-json\/wp\/v2\/media?parent=993"}],"wp:term":[{"taxonomy":"pwb-brand","embeddable":true,"href":"https:\/\/old.kosmetoloog.ee\/et\/wp-json\/wp\/v2\/pwb-brand?post=993"},{"taxonomy":"product_brand","embeddable":true,"href":"https:\/\/old.kosmetoloog.ee\/et\/wp-json\/wp\/v2\/product_brand?post=993"},{"taxonomy":"product_cat","embeddable":true,"href":"https:\/\/old.kosmetoloog.ee\/et\/wp-json\/wp\/v2\/product_cat?post=993"},{"taxonomy":"product_tag","embeddable":true,"href":"https:\/\/old.kosmetoloog.ee\/et\/wp-json\/wp\/v2\/product_tag?post=993"}],"curies":[{"name":"wp","href":"https:\/\/api.w.org\/{rel}","templated":true}]}}