{"id":995,"date":"2023-09-01T21:13:18","date_gmt":"2023-09-01T18:13:18","guid":{"rendered":"https:\/\/uus.kosmetoloog.ee\/product\/miimikakortsudevastane-komplekt-myo-fix-frown-control-set-sn3mf4\/"},"modified":"2023-10-19T14:46:49","modified_gmt":"2023-10-19T11:46:49","slug":"set-for-correction-of-facial-wrinkles","status":"publish","type":"product","link":"https:\/\/old.kosmetoloog.ee\/et\/toode\/set-for-correction-of-facial-wrinkles\/","title":{"rendered":"MIIMIKAKORTSUDEVASTANE KOMPLEKT \/ MYO-FIX FROWN CONTROL SET (SN3+MF4)"},"content":{"rendered":"<p>Peptiididel p\u00f5hinev kortsudevastane nahahoolduskomplekt Myo-Fix. Aitab ilma s\u00fcstideta v\u00e4hendada, ennetada ja vabaneda glabellaarsetest ja miimikakortsudest otsmikul. Tulemuste pikendamiseks ja s\u00e4ilitamiseks v\u00f5ite kasutada ka ohutut ja valutut Myo-Fix komplekti s\u00fcstimiskuurite vahel.<\/p>\n<p>P\u00e4rast t\u00e4ielikku kuuri j\u00e4\u00e4b teie otsmik siledaks 6-8 kuuks, kaotamata t\u00e4ielikku kontrolli oma n\u00e4oilmete \u00fcle. Erinevalt karmidest ja riskantsetest s\u00fcstimismeetoditest hoolitseb Myo-Fix kortsudevastane hooldus ka teie n\u00e4onaha eest. Peptiidide, antioks\u00fcdantide ja patenteeritud niisutava kompleksi v\u00f5idukas kombinatsioon j\u00e4tab naha siledaks, pehmeks, s\u00e4ravaks ja toidetuks.<\/p>\n<p>Ohutu kasutamiseks raseduse ja imetamise ajal.<\/p>\n<p>Myo-Fix komplekt on saadaval 2 versioonis: Enzy-Peel&#8217;iga pehme ens\u00fc\u00fcmkoorimise jaoks, et parandada aktiivsete peptiidide naha sissetungimist v\u00f5i Nrj-Soin seerumiga antioks\u00fcdantse kaitse ja niisutava toime jaoks.<\/p>\n","protected":false},"excerpt":{"rendered":"<p>Myo-Fix komplekt on ohutu ja t\u00f5hus programm n\u00e4okortsude korrigeerimiseks ilma s\u00fcstideta, valu ja taastumisperioodita.<\/p>\n","protected":false},"featured_media":492,"comment_status":"open","ping_status":"closed","template":"","meta":{"_acf_changed":false},"pwb-brand":[21],"product_brand":[],"product_cat":[76],"product_tag":[111],"class_list":{"0":"post-995","1":"product","2":"type-product","3":"status-publish","4":"has-post-thumbnail","6":"pwb-brand-meder-beauty-science","7":"product_cat-hoolduskomplektid","8":"product_tag-vananemisvastane","10":"first","11":"outofstock","12":"taxable","13":"shipping-taxable","14":"purchasable","15":"product-type-simple"},"acf":[],"yoast_head":"<!-- This site is optimized with the Yoast SEO plugin v25.7 - https:\/\/yoast.com\/wordpress\/plugins\/seo\/ -->\n<title>MIIMIKAKORTSUDEVASTANE KOMPLEKT \/ MYO-FIX FROWN CONTROL SET (SN3+MF4) - Ilutoodete e-pood<\/title>\n<meta name=\"robots\" content=\"noindex, follow, max-snippet:-1, max-image-preview:large, max-video-preview:-1\" \/>\n<meta property=\"og:locale\" content=\"et_EE\" \/>\n<meta property=\"og:type\" content=\"article\" \/>\n<meta property=\"og:title\" content=\"MIIMIKAKORTSUDEVASTANE KOMPLEKT \/ MYO-FIX FROWN CONTROL SET (SN3+MF4) - Ilutoodete e-pood\" \/>\n<meta property=\"og:description\" content=\"Myo-Fix komplekt on ohutu ja t\u00f5hus programm n\u00e4okortsude korrigeerimiseks ilma s\u00fcstideta, valu ja taastumisperioodita.\" \/>\n<meta property=\"og:url\" content=\"https:\/\/old.kosmetoloog.ee\/toode\/set-for-correction-of-facial-wrinkles\/\" \/>\n<meta property=\"og:site_name\" content=\"Ilutoodete e-pood\" \/>\n<meta property=\"article:modified_time\" content=\"2023-10-19T11:46:49+00:00\" \/>\n<meta property=\"og:image\" content=\"https:\/\/old.kosmetoloog.ee\/wp-content\/uploads\/2023\/09\/Myo-Fix-Frown-Control-Set-1.png\" \/>\n\t<meta property=\"og:image:width\" content=\"571\" \/>\n\t<meta property=\"og:image:height\" content=\"484\" \/>\n\t<meta property=\"og:image:type\" content=\"image\/png\" \/>\n<meta name=\"twitter:card\" content=\"summary_large_image\" \/>\n<meta name=\"twitter:label1\" content=\"Est. reading time\" \/>\n\t<meta name=\"twitter:data1\" content=\"1 minut\" \/>\n<script type=\"application\/ld+json\" class=\"yoast-schema-graph\">{\"@context\":\"https:\/\/schema.org\",\"@graph\":[{\"@type\":\"WebPage\",\"@id\":\"https:\/\/old.kosmetoloog.ee\/toode\/set-for-correction-of-facial-wrinkles\/\",\"url\":\"https:\/\/old.kosmetoloog.ee\/toode\/set-for-correction-of-facial-wrinkles\/\",\"name\":\"MIIMIKAKORTSUDEVASTANE KOMPLEKT \/ MYO-FIX FROWN CONTROL SET (SN3+MF4) - Ilutoodete e-pood\",\"isPartOf\":{\"@id\":\"https:\/\/old.kosmetoloog.ee\/#website\"},\"primaryImageOfPage\":{\"@id\":\"https:\/\/old.kosmetoloog.ee\/toode\/set-for-correction-of-facial-wrinkles\/#primaryimage\"},\"image\":{\"@id\":\"https:\/\/old.kosmetoloog.ee\/toode\/set-for-correction-of-facial-wrinkles\/#primaryimage\"},\"thumbnailUrl\":\"https:\/\/old.kosmetoloog.ee\/wp-content\/uploads\/2023\/09\/Myo-Fix-Frown-Control-Set-1.png\",\"datePublished\":\"2023-09-01T18:13:18+00:00\",\"dateModified\":\"2023-10-19T11:46:49+00:00\",\"breadcrumb\":{\"@id\":\"https:\/\/old.kosmetoloog.ee\/toode\/set-for-correction-of-facial-wrinkles\/#breadcrumb\"},\"inLanguage\":\"et\",\"potentialAction\":[{\"@type\":\"ReadAction\",\"target\":[\"https:\/\/old.kosmetoloog.ee\/toode\/set-for-correction-of-facial-wrinkles\/\"]}]},{\"@type\":\"ImageObject\",\"inLanguage\":\"et\",\"@id\":\"https:\/\/old.kosmetoloog.ee\/toode\/set-for-correction-of-facial-wrinkles\/#primaryimage\",\"url\":\"https:\/\/old.kosmetoloog.ee\/wp-content\/uploads\/2023\/09\/Myo-Fix-Frown-Control-Set-1.png\",\"contentUrl\":\"https:\/\/old.kosmetoloog.ee\/wp-content\/uploads\/2023\/09\/Myo-Fix-Frown-Control-Set-1.png\",\"width\":571,\"height\":484},{\"@type\":\"BreadcrumbList\",\"@id\":\"https:\/\/old.kosmetoloog.ee\/toode\/set-for-correction-of-facial-wrinkles\/#breadcrumb\",\"itemListElement\":[{\"@type\":\"ListItem\",\"position\":1,\"name\":\"Home\",\"item\":\"https:\/\/old.kosmetoloog.ee\/et\/\"},{\"@type\":\"ListItem\",\"position\":2,\"name\":\"Pood\",\"item\":\"https:\/\/old.kosmetoloog.ee\/et\/pood\/\"},{\"@type\":\"ListItem\",\"position\":3,\"name\":\"MIIMIKAKORTSUDEVASTANE KOMPLEKT \/ MYO-FIX FROWN CONTROL SET (SN3+MF4)\"}]},{\"@type\":\"WebSite\",\"@id\":\"https:\/\/old.kosmetoloog.ee\/#website\",\"url\":\"https:\/\/old.kosmetoloog.ee\/\",\"name\":\"Ilutoodete e-pood\",\"description\":\"Kosmeetika pood\",\"publisher\":{\"@id\":\"https:\/\/old.kosmetoloog.ee\/#organization\"},\"potentialAction\":[{\"@type\":\"SearchAction\",\"target\":{\"@type\":\"EntryPoint\",\"urlTemplate\":\"https:\/\/old.kosmetoloog.ee\/?s={search_term_string}\"},\"query-input\":{\"@type\":\"PropertyValueSpecification\",\"valueRequired\":true,\"valueName\":\"search_term_string\"}}],\"inLanguage\":\"et\"},{\"@type\":\"Organization\",\"@id\":\"https:\/\/old.kosmetoloog.ee\/#organization\",\"name\":\"You are You O\u00dc\",\"url\":\"https:\/\/old.kosmetoloog.ee\/\",\"logo\":{\"@type\":\"ImageObject\",\"inLanguage\":\"et\",\"@id\":\"https:\/\/old.kosmetoloog.ee\/#\/schema\/logo\/image\/\",\"url\":\"https:\/\/old.kosmetoloog.ee\/wp-content\/uploads\/2023\/08\/logo-1.png\",\"contentUrl\":\"https:\/\/old.kosmetoloog.ee\/wp-content\/uploads\/2023\/08\/logo-1.png\",\"width\":1200,\"height\":964,\"caption\":\"You are You O\u00dc\"},\"image\":{\"@id\":\"https:\/\/old.kosmetoloog.ee\/#\/schema\/logo\/image\/\"}}]}<\/script>\n<!-- \/ Yoast SEO plugin. -->","yoast_head_json":{"title":"MIIMIKAKORTSUDEVASTANE KOMPLEKT \/ MYO-FIX FROWN CONTROL SET (SN3+MF4) - Ilutoodete e-pood","robots":{"index":"noindex","follow":"follow","max-snippet":"max-snippet:-1","max-image-preview":"max-image-preview:large","max-video-preview":"max-video-preview:-1"},"og_locale":"et_EE","og_type":"article","og_title":"MIIMIKAKORTSUDEVASTANE KOMPLEKT \/ MYO-FIX FROWN CONTROL SET (SN3+MF4) - Ilutoodete e-pood","og_description":"Myo-Fix komplekt on ohutu ja t\u00f5hus programm n\u00e4okortsude korrigeerimiseks ilma s\u00fcstideta, valu ja taastumisperioodita.","og_url":"https:\/\/old.kosmetoloog.ee\/toode\/set-for-correction-of-facial-wrinkles\/","og_site_name":"Ilutoodete e-pood","article_modified_time":"2023-10-19T11:46:49+00:00","og_image":[{"width":571,"height":484,"url":"https:\/\/old.kosmetoloog.ee\/wp-content\/uploads\/2023\/09\/Myo-Fix-Frown-Control-Set-1.png","type":"image\/png"}],"twitter_card":"summary_large_image","twitter_misc":{"Est. reading time":"1 minut"},"schema":{"@context":"https:\/\/schema.org","@graph":[{"@type":"WebPage","@id":"https:\/\/old.kosmetoloog.ee\/toode\/set-for-correction-of-facial-wrinkles\/","url":"https:\/\/old.kosmetoloog.ee\/toode\/set-for-correction-of-facial-wrinkles\/","name":"MIIMIKAKORTSUDEVASTANE KOMPLEKT \/ MYO-FIX FROWN CONTROL SET (SN3+MF4) - Ilutoodete e-pood","isPartOf":{"@id":"https:\/\/old.kosmetoloog.ee\/#website"},"primaryImageOfPage":{"@id":"https:\/\/old.kosmetoloog.ee\/toode\/set-for-correction-of-facial-wrinkles\/#primaryimage"},"image":{"@id":"https:\/\/old.kosmetoloog.ee\/toode\/set-for-correction-of-facial-wrinkles\/#primaryimage"},"thumbnailUrl":"https:\/\/old.kosmetoloog.ee\/wp-content\/uploads\/2023\/09\/Myo-Fix-Frown-Control-Set-1.png","datePublished":"2023-09-01T18:13:18+00:00","dateModified":"2023-10-19T11:46:49+00:00","breadcrumb":{"@id":"https:\/\/old.kosmetoloog.ee\/toode\/set-for-correction-of-facial-wrinkles\/#breadcrumb"},"inLanguage":"et","potentialAction":[{"@type":"ReadAction","target":["https:\/\/old.kosmetoloog.ee\/toode\/set-for-correction-of-facial-wrinkles\/"]}]},{"@type":"ImageObject","inLanguage":"et","@id":"https:\/\/old.kosmetoloog.ee\/toode\/set-for-correction-of-facial-wrinkles\/#primaryimage","url":"https:\/\/old.kosmetoloog.ee\/wp-content\/uploads\/2023\/09\/Myo-Fix-Frown-Control-Set-1.png","contentUrl":"https:\/\/old.kosmetoloog.ee\/wp-content\/uploads\/2023\/09\/Myo-Fix-Frown-Control-Set-1.png","width":571,"height":484},{"@type":"BreadcrumbList","@id":"https:\/\/old.kosmetoloog.ee\/toode\/set-for-correction-of-facial-wrinkles\/#breadcrumb","itemListElement":[{"@type":"ListItem","position":1,"name":"Home","item":"https:\/\/old.kosmetoloog.ee\/et\/"},{"@type":"ListItem","position":2,"name":"Pood","item":"https:\/\/old.kosmetoloog.ee\/et\/pood\/"},{"@type":"ListItem","position":3,"name":"MIIMIKAKORTSUDEVASTANE KOMPLEKT \/ MYO-FIX FROWN CONTROL SET (SN3+MF4)"}]},{"@type":"WebSite","@id":"https:\/\/old.kosmetoloog.ee\/#website","url":"https:\/\/old.kosmetoloog.ee\/","name":"Ilutoodete e-pood","description":"Kosmeetika pood","publisher":{"@id":"https:\/\/old.kosmetoloog.ee\/#organization"},"potentialAction":[{"@type":"SearchAction","target":{"@type":"EntryPoint","urlTemplate":"https:\/\/old.kosmetoloog.ee\/?s={search_term_string}"},"query-input":{"@type":"PropertyValueSpecification","valueRequired":true,"valueName":"search_term_string"}}],"inLanguage":"et"},{"@type":"Organization","@id":"https:\/\/old.kosmetoloog.ee\/#organization","name":"You are You O\u00dc","url":"https:\/\/old.kosmetoloog.ee\/","logo":{"@type":"ImageObject","inLanguage":"et","@id":"https:\/\/old.kosmetoloog.ee\/#\/schema\/logo\/image\/","url":"https:\/\/old.kosmetoloog.ee\/wp-content\/uploads\/2023\/08\/logo-1.png","contentUrl":"https:\/\/old.kosmetoloog.ee\/wp-content\/uploads\/2023\/08\/logo-1.png","width":1200,"height":964,"caption":"You are You O\u00dc"},"image":{"@id":"https:\/\/old.kosmetoloog.ee\/#\/schema\/logo\/image\/"}}]}},"brands":[{"id":21,"name":"MEDER BEAUTY SCIENCE","slug":"meder-beauty-science"}],"_links":{"self":[{"href":"https:\/\/old.kosmetoloog.ee\/et\/wp-json\/wp\/v2\/product\/995","targetHints":{"allow":["GET"]}}],"collection":[{"href":"https:\/\/old.kosmetoloog.ee\/et\/wp-json\/wp\/v2\/product"}],"about":[{"href":"https:\/\/old.kosmetoloog.ee\/et\/wp-json\/wp\/v2\/types\/product"}],"replies":[{"embeddable":true,"href":"https:\/\/old.kosmetoloog.ee\/et\/wp-json\/wp\/v2\/comments?post=995"}],"wp:featuredmedia":[{"embeddable":true,"href":"https:\/\/old.kosmetoloog.ee\/et\/wp-json\/wp\/v2\/media\/492"}],"wp:attachment":[{"href":"https:\/\/old.kosmetoloog.ee\/et\/wp-json\/wp\/v2\/media?parent=995"}],"wp:term":[{"taxonomy":"pwb-brand","embeddable":true,"href":"https:\/\/old.kosmetoloog.ee\/et\/wp-json\/wp\/v2\/pwb-brand?post=995"},{"taxonomy":"product_brand","embeddable":true,"href":"https:\/\/old.kosmetoloog.ee\/et\/wp-json\/wp\/v2\/product_brand?post=995"},{"taxonomy":"product_cat","embeddable":true,"href":"https:\/\/old.kosmetoloog.ee\/et\/wp-json\/wp\/v2\/product_cat?post=995"},{"taxonomy":"product_tag","embeddable":true,"href":"https:\/\/old.kosmetoloog.ee\/et\/wp-json\/wp\/v2\/product_tag?post=995"}],"curies":[{"name":"wp","href":"https:\/\/api.w.org\/{rel}","templated":true}]}}